{"id":2093,"date":"2025-11-24T17:39:32","date_gmt":"2025-11-24T16:39:32","guid":{"rendered":"https:\/\/fpma-nantes.org\/?page_id=2093"},"modified":"2026-02-11T12:10:58","modified_gmt":"2026-02-11T11:10:58","slug":"espace-reserve-a-la-chorale","status":"publish","type":"page","link":"https:\/\/fpma-nantes.org\/?page_id=2093","title":{"rendered":"Espace r\u00e9serv\u00e9 \u00e0 la chorale"},"content":{"rendered":"","protected":true},"excerpt":{"rendered":"","protected":true},"author":1,"featured_media":0,"parent":0,"menu_order":0,"comment_status":"closed","ping_status":"closed","template":"","meta":{"h5ap_radio_sources":[],"iawp_total_views":37,"_vp_format_video_url":"","_vp_image_focal_point":[],"footnotes":""},"class_list":["post-2093","page","type-page","status-publish","post-password-required"],"_links":{"self":[{"href":"https:\/\/fpma-nantes.org\/index.php?rest_route=\/wp\/v2\/pages\/2093","targetHints":{"allow":["GET"]}}],"collection":[{"href":"https:\/\/fpma-nantes.org\/index.php?rest_route=\/wp\/v2\/pages"}],"about":[{"href":"https:\/\/fpma-nantes.org\/index.php?rest_route=\/wp\/v2\/types\/page"}],"author":[{"embeddable":true,"href":"https:\/\/fpma-nantes.org\/index.php?rest_route=\/wp\/v2\/users\/1"}],"replies":[{"embeddable":true,"href":"https:\/\/fpma-nantes.org\/index.php?rest_route=%2Fwp%2Fv2%2Fcomments&post=2093"}],"version-history":[{"count":1,"href":"https:\/\/fpma-nantes.org\/index.php?rest_route=\/wp\/v2\/pages\/2093\/revisions"}],"predecessor-version":[{"id":2094,"href":"https:\/\/fpma-nantes.org\/index.php?rest_route=\/wp\/v2\/pages\/2093\/revisions\/2094"}],"wp:attachment":[{"href":"https:\/\/fpma-nantes.org\/index.php?rest_route=%2Fwp%2Fv2%2Fmedia&parent=2093"}],"curies":[{"name":"wp","href":"https:\/\/api.w.org\/{rel}","templated":true}]}}